{"id":1721,"date":"2019-02-13T11:03:33","date_gmt":"2019-02-13T10:03:33","guid":{"rendered":"https:\/\/surao.gov.cz\/kontakty\/"},"modified":"2022-09-22T10:57:27","modified_gmt":"2022-09-22T08:57:27","slug":"contacts","status":"publish","type":"page","link":"https:\/\/surao.gov.cz\/en\/about-us\/contacts\/","title":{"rendered":"Contacts"},"content":{"rendered":"<h2>Contact information<\/h2>\n<p><strong>Address:<\/strong> Dl\u00e1\u017ed\u011bn\u00e1 6, Praha 1, 110 00<br \/>\n<strong>GPS:<\/strong> 50.087018,14.432353<br \/>\n<strong>Phone:<\/strong> <a href=\"tel:+420221421511\">+420 221 421 511<\/a><br \/>\n<strong>Data box:<\/strong> 6qsigjs<br \/>\n<strong>E-mail:<\/strong> <a href=\"mailto:podatelna@surao.cz\">podatelna@surao.cz<\/a><\/p>\n<p>The e-mail format for S\u00daRAO is\u00a0<strong>lastname@surao.cz<\/strong><\/p>\n<p><strong>Bank account:<\/strong> \u010cNB v Praze 1, \u010d.\u00fa. 64726011\/0710<\/p>\n<p><strong>IBAN:<\/strong>\u00a0CZ29 0710 0000 0000 6472 6011<\/p>\n<p><strong>ID:<\/strong> 66000769<\/p>\n","protected":false},"excerpt":{"rendered":"<p>Contact information Address: Dl\u00e1\u017ed\u011bn\u00e1 6, Praha 1, 110 00 GPS: 50.087018,14.432353 Phone: +420 221 421 511 Data box: 6qsigjs E-mail: podatelna@surao.cz The e-mail format for S\u00daRAO is\u00a0lastname@surao.cz Bank account: \u010cNB v Praze 1, \u010d.\u00fa. 64726011\/0710 IBAN:\u00a0CZ29 0710 0000 0000 6472 6011 ID: 66000769<\/p>\n","protected":false},"author":1,"featured_media":0,"parent":270,"menu_order":10,"comment_status":"closed","ping_status":"closed","template":"contact.php","meta":{"_acf_changed":false,"footnotes":""},"class_list":["post-1721","page","type-page","status-publish","hentry"],"acf":[],"_links":{"self":[{"href":"https:\/\/surao.gov.cz\/en\/wp-json\/wp\/v2\/pages\/1721","targetHints":{"allow":["GET"]}}],"collection":[{"href":"https:\/\/surao.gov.cz\/en\/wp-json\/wp\/v2\/pages"}],"about":[{"href":"https:\/\/surao.gov.cz\/en\/wp-json\/wp\/v2\/types\/page"}],"author":[{"embeddable":true,"href":"https:\/\/surao.gov.cz\/en\/wp-json\/wp\/v2\/users\/1"}],"replies":[{"embeddable":true,"href":"https:\/\/surao.gov.cz\/en\/wp-json\/wp\/v2\/comments?post=1721"}],"version-history":[{"count":0,"href":"https:\/\/surao.gov.cz\/en\/wp-json\/wp\/v2\/pages\/1721\/revisions"}],"up":[{"embeddable":true,"href":"https:\/\/surao.gov.cz\/en\/wp-json\/wp\/v2\/pages\/270"}],"wp:attachment":[{"href":"https:\/\/surao.gov.cz\/en\/wp-json\/wp\/v2\/media?parent=1721"}],"curies":[{"name":"wp","href":"https:\/\/api.w.org\/{rel}","templated":true}]}}