{"id":2341,"date":"2019-02-06T14:41:29","date_gmt":"2019-02-06T13:41:29","guid":{"rendered":"https:\/\/surao.gov.cz\/experts\/research-and-development\/projektove-reseni\/"},"modified":"2019-04-12T10:15:46","modified_gmt":"2019-04-12T08:15:46","slug":"dgr-design","status":"publish","type":"page","link":"https:\/\/surao.gov.cz\/en\/experts\/dgr-design\/","title":{"rendered":"DGR design"},"content":{"rendered":"<p class=\"perex\">The Czech deep geological repository (DGR) project envisages waste disposal in a crystalline rock environment based on the Swedish KBS-3 model. This model further assumes the disposal of spent nuclear fuel (SNF) in metal, hermetically-sealed waste packages in boreholes sealed with a bentonite buffer.<\/p>\n<p>This concept was considered as early as in 1999 in the \u201cReference Project for a Deep Geological Repository for Radioactive Waste\u201d which took into account the various related requirements of Czech legislation (nuclear, mining, construction and environmental). The reference project took the form of a model of a hypothetical site and assumed the vertical disposal of the waste package. The project also set out basic requirements concerning the layout and logistics of the surface area.<\/p>\n<p>The \u201cUpdate of the Reference Project\u201d, compiled in 2011, further considered the horizontal disposal of waste packages in long boreholes.<\/p>\n<p>In connection with the assessment of candidate sites and the reduction in their number for the continuation of investigation and survey work at selected sites in 2017-2018, the technical designs outlined in both reference projects were used in the Site and Preliminary Feasibility Studies of the B\u0159ezov\u00fd potok, \u010certovka, \u010cihadlo, Hr\u00e1dek, Horka, Janoch, Krav\u00ed hora, Magdal\u00e9na and Na Skaln\u00edm candidate sites. Four disposal variants were considered for each of the assessed sites, i.e. combinations of vertical and horizontal disposal and the fully-mechanised and conventional excavation of the DGR underground complex.<\/p>\n<p>These studies also took into account the requirements of current legislation, the \u201cUpdate of the Radioactive Waste Management Concept\u201d, especially with regard to the possible extension of the SNF storage period, the assumption of the construction of new nuclear power plant units and the latest results of ongoing research and development work, especially in the field of engineered barriers.<\/p>\n","protected":false},"excerpt":{"rendered":"<p>The Czech deep geological repository (DGR) project envisages waste disposal in a crystalline rock environment based on the Swedish KBS-3 model. This model further assumes the disposal of spent nuclear fuel (SNF) in metal, hermetically-sealed waste packages in boreholes sealed with a bentonite buffer. This concept was considered as early as in 1999 in the [&hellip;]<\/p>\n","protected":false},"author":4,"featured_media":0,"parent":142,"menu_order":4,"comment_status":"closed","ping_status":"closed","template":"page.php","meta":{"_acf_changed":false,"footnotes":""},"class_list":["post-2341","page","type-page","status-publish","hentry"],"acf":[],"_links":{"self":[{"href":"https:\/\/surao.gov.cz\/en\/wp-json\/wp\/v2\/pages\/2341","targetHints":{"allow":["GET"]}}],"collection":[{"href":"https:\/\/surao.gov.cz\/en\/wp-json\/wp\/v2\/pages"}],"about":[{"href":"https:\/\/surao.gov.cz\/en\/wp-json\/wp\/v2\/types\/page"}],"author":[{"embeddable":true,"href":"https:\/\/surao.gov.cz\/en\/wp-json\/wp\/v2\/users\/4"}],"replies":[{"embeddable":true,"href":"https:\/\/surao.gov.cz\/en\/wp-json\/wp\/v2\/comments?post=2341"}],"version-history":[{"count":0,"href":"https:\/\/surao.gov.cz\/en\/wp-json\/wp\/v2\/pages\/2341\/revisions"}],"up":[{"embeddable":true,"href":"https:\/\/surao.gov.cz\/en\/wp-json\/wp\/v2\/pages\/142"}],"wp:attachment":[{"href":"https:\/\/surao.gov.cz\/en\/wp-json\/wp\/v2\/media?parent=2341"}],"curies":[{"name":"wp","href":"https:\/\/api.w.org\/{rel}","templated":true}]}}