{"id":2388,"date":"2019-02-06T13:21:27","date_gmt":"2019-02-06T12:21:27","guid":{"rendered":"https:\/\/surao.gov.cz\/public\/operational-repositories\/uloziste-bratrstvi\/"},"modified":"2024-11-26T15:07:23","modified_gmt":"2024-11-26T14:07:23","slug":"bratrstvi-repository","status":"publish","type":"page","link":"https:\/\/surao.gov.cz\/en\/public\/operational-repositories\/bratrstvi-repository\/","title":{"rendered":"Bratrstv\u00ed repository"},"content":{"rendered":"<h3><strong>Formerly a uranium mine, today a repository for radioactive waste<\/strong><\/h3>\n<p>The Bratrstv\u00ed nuclear waste repository, located near the town of J\u00e1chymov, was constructed in part of the abandoned underground complex of the Bratrstv\u00ed <strong>former uranium mine<\/strong>. The repository spaces are situated in the vicinity of the former <strong>main mining tunnel<\/strong>, which, together with 5 adjacent chambers, was <strong>adapted in 1974<\/strong> to host the radioactive waste repository.<\/p>\n<p>Only <strong>low- and intermediate-level waste containing exclusively natural radionuclides <\/strong>is disposed of at the Bratrstv\u00ed repository. The disposal of waste required the technical modification of both the main mining tunnel and the walls and ceilings of the chambers. Parts of the repository have been reinforced with concrete in addition to steel reinforcement beams in parts of the ceilings. The concreted floors have been fitted with a drainage system and a central retention sump.<\/p>\n<blockquote class=\"highlight\"><p>The Bratrstv\u00ed repository has a capacity of 5,555 drums of low- and intermediate-level waste containing natural radionuclides.<\/p><\/blockquote>\n<p><img fetchpriority=\"high\" decoding=\"async\" class=\"size-medium wp-image-10480 alignleft\" src=\"https:\/\/surao.gov.cz\/wp-content\/uploads\/2024\/10\/P1046665-300x200.jpg\" alt=\"\" width=\"300\" height=\"200\" srcset=\"https:\/\/surao.gov.cz\/wp-content\/uploads\/2024\/10\/P1046665-300x200.jpg 300w, https:\/\/surao.gov.cz\/wp-content\/uploads\/2024\/10\/P1046665-1024x683.jpg 1024w, https:\/\/surao.gov.cz\/wp-content\/uploads\/2024\/10\/P1046665-768x512.jpg 768w, https:\/\/surao.gov.cz\/wp-content\/uploads\/2024\/10\/P1046665-1536x1024.jpg 1536w, https:\/\/surao.gov.cz\/wp-content\/uploads\/2024\/10\/P1046665-2048x1365.jpg 2048w, https:\/\/surao.gov.cz\/wp-content\/uploads\/2024\/10\/P1046665-1500x1000.jpg 1500w\" sizes=\"(max-width: 300px) 100vw, 300px\" \/><\/p>\n<p>The 385 m long main mining tunnel serves as the transport corridor for the waste packages. The adjacent <strong>chambers are filled<\/strong> in such a way that access to the other repository spaces and the technological equipment is not restricted. The waste packages are disposed of in layers. The total <strong>repository capacity<\/strong> is approximately 1,200 m<sup>3<\/sup>, allowing for the emplacement of <strong>5,555 waste drums<\/strong>. Once filled with waste drums, the chamber entrances will be sealed, and the chambers will be stabilised with a backfill material.<\/p>\n<p>The <strong>repository ventilation system is artificial<\/strong> and is powered by a fan positioned at the mouth of the access tunnel. The ventilation system is in operation only when repository personnel are present in the facility. Otherwise, air flows naturally, depending on the time of year, either out of the mine workings (breathable air in the summer) or into the mine complex (breathable air in the winter).<\/p>\n<h3><strong>How do we know that the radioactive waste disposed of in the repository does not affect the surroundings?<\/strong><\/h3>\n<p>As part of the radiation monitoring programme, we strictly adhere to the relevant <strong>decrees issued by the State Office for Nuclear Safety<\/strong>. In addition, we also monitor the stability of the rock mass and its surroundings and the quality and composition of the groundwater both inside and outside the repository. The results of the detailed measurements recorded to date and the geotechnical documentation compiled on the state of the walls of the repository confirm the stability of the mine workings. The <strong>Regional Mining Office in Sokolov<\/strong> also supervises the operation of the Bratrstv\u00ed repository.<\/p>\n<blockquote class=\"highlight\"><p>We carefully observe and monitor everything that happens inside the repository and ensure that it does not negatively impact its surroundings in any way.<\/p>\n<p>&nbsp;<\/p><\/blockquote>\n<p><img decoding=\"async\" class=\"wp-image-10482 alignright lazyload\" data-src=\"https:\/\/surao.gov.cz\/wp-content\/uploads\/2024\/10\/P1046704-300x222.jpg\" alt=\"\" width=\"326\" height=\"241\" data-srcset=\"https:\/\/surao.gov.cz\/wp-content\/uploads\/2024\/10\/P1046704-300x222.jpg 300w, https:\/\/surao.gov.cz\/wp-content\/uploads\/2024\/10\/P1046704-1024x758.jpg 1024w, https:\/\/surao.gov.cz\/wp-content\/uploads\/2024\/10\/P1046704-768x568.jpg 768w, https:\/\/surao.gov.cz\/wp-content\/uploads\/2024\/10\/P1046704-1536x1137.jpg 1536w, https:\/\/surao.gov.cz\/wp-content\/uploads\/2024\/10\/P1046704-2048x1516.jpg 2048w, https:\/\/surao.gov.cz\/wp-content\/uploads\/2024\/10\/P1046704-1500x1110.jpg 1500w\" data-sizes=\"(max-width: 326px) 100vw, 326px\" src=\"data:image\/gif;base64,R0lGODlhAQABAAAAACH5BAEKAAEALAAAAAABAAEAAAICTAEAOw==\" style=\"--smush-placeholder-width: 326px; --smush-placeholder-aspect-ratio: 326\/241;\" \/><noscript><img decoding=\"async\" class=\" wp-image-10482 alignright\" src=\"https:\/\/surao.gov.cz\/wp-content\/uploads\/2024\/10\/P1046704-300x222.jpg\" alt=\"\" width=\"326\" height=\"241\" srcset=\"https:\/\/surao.gov.cz\/wp-content\/uploads\/2024\/10\/P1046704-300x222.jpg 300w, https:\/\/surao.gov.cz\/wp-content\/uploads\/2024\/10\/P1046704-1024x758.jpg 1024w, https:\/\/surao.gov.cz\/wp-content\/uploads\/2024\/10\/P1046704-768x568.jpg 768w, https:\/\/surao.gov.cz\/wp-content\/uploads\/2024\/10\/P1046704-1536x1137.jpg 1536w, https:\/\/surao.gov.cz\/wp-content\/uploads\/2024\/10\/P1046704-2048x1516.jpg 2048w, https:\/\/surao.gov.cz\/wp-content\/uploads\/2024\/10\/P1046704-1500x1110.jpg 1500w\" sizes=\"(max-width: 326px) 100vw, 326px\" \/><\/noscript>We regularly monitor the radiation situation at the repository via regular <strong>dosimetric<\/strong><strong>\u00a0measurement\u00a0campaigns<\/strong>, which are performed according to the requirements of the monitoring programme approved by the State Office for Nuclear Safety. In addition, inspections are performed on a regular basis of the working conditions in the repository and the effectiveness of the ventilation of the mine workings. Inspections include the measurement of <strong>the<\/strong> <strong>equivalent dose rate of radon and the volume activity of a mixture of long-lived radionuclides<\/strong> that emit uranium-radium series radiation. One of our main priorities concerns the careful monitoring of persons who enter the repository.<\/p>\n<p>In order to cover all the potential risks associated with the disposal of radioactive waste, we regularly <strong>take samples of the water<\/strong> that flows from the mine premises and the surrounding surface water for the determination of <strong>the volume activity of the disposed of natural radionuclides<\/strong>. Due to the naturally elevated content of natural radionuclides in the local environment due to previous mining activities, the measured values \u200b\u200bare higher than the usual natural background values recorded in other parts of the Czech Republic. Notwithstanding, <strong>the set limits have never been exceeded at the repository<\/strong>.<\/p>\n<blockquote class=\"highlight\"><p>The monitoring results recorded to date clearly indicate that the operation of the Bratrstv\u00ed radioactive waste repository is in full compliance with all the safety limits set by the State Office for Nuclear Safety, and that the repository does not exert a negative impact on the surrounding environment or persons who enter the repository.<\/p><\/blockquote>\n<h3><strong>From silver to uranium to radioactive waste<\/strong><\/h3>\n<p>The intensive development of mining activities in the J\u00e1chymov area dates back to the 16th century, at the beginning of which the town was established. <strong>The Bratrstv\u00ed mine<\/strong>, formerly known as the Mine of the Saxon Nobility, was just <strong>one of a number of silver mines<\/strong> that were established in the vicinity of J\u00e1chymov. It is interesting that part of the mine complex is named <strong>the \u201cblind\u201d Zda\u0159 B\u016fh mining pit<\/strong>. Why blind? Because it did not reach the surface &#8211; the mining tower with the machine room was situated underground and only a horizontal tunnel led to the surface, which was used to transport the mined ore.<\/p>\n<p><img decoding=\"async\" class=\"wp-image-10492 alignleft lazyload\" data-src=\"https:\/\/surao.gov.cz\/wp-content\/uploads\/2024\/10\/stola-saskych-slechticu-300x203.jpg\" alt=\"\" width=\"327\" height=\"221\" data-srcset=\"https:\/\/surao.gov.cz\/wp-content\/uploads\/2024\/10\/stola-saskych-slechticu-300x203.jpg 300w, https:\/\/surao.gov.cz\/wp-content\/uploads\/2024\/10\/stola-saskych-slechticu.jpg 587w\" data-sizes=\"(max-width: 327px) 100vw, 327px\" src=\"data:image\/gif;base64,R0lGODlhAQABAAAAACH5BAEKAAEALAAAAAABAAEAAAICTAEAOw==\" style=\"--smush-placeholder-width: 327px; --smush-placeholder-aspect-ratio: 327\/221;\" \/><noscript><img decoding=\"async\" class=\" wp-image-10492 alignleft\" src=\"https:\/\/surao.gov.cz\/wp-content\/uploads\/2024\/10\/stola-saskych-slechticu-300x203.jpg\" alt=\"\" width=\"327\" height=\"221\" srcset=\"https:\/\/surao.gov.cz\/wp-content\/uploads\/2024\/10\/stola-saskych-slechticu-300x203.jpg 300w, https:\/\/surao.gov.cz\/wp-content\/uploads\/2024\/10\/stola-saskych-slechticu.jpg 587w\" sizes=\"(max-width: 327px) 100vw, 327px\" \/><\/noscript>The mining of silver was replaced in the late 19th century by the mining of uranium ore. Subsequently, J\u00e1chymov was the town in which Marie Curie Sklodowsk\u00e1 discovered the elements <strong>radium and polonium<\/strong> in waste produced by a local uranium paint factory. Later, Marie Curie, together with scientist Andr\u00e9-Louis Debierne, devised a method for the production of radium salts (RaCl<sub>2<\/sub>, radium chloride) from heaps of leached waste. At the beginning of the 20th century, the production of these salts was expanded, which led to the development of the spa facilities in the J\u00e1chymov district in the 1930s; the <strong>radioactive baths<\/strong> still attract visitors to this day.<\/p>\n<p>From the end of World War II, uranium was mined in the Bratrstv\u00ed and other local mines under dreadful conditions. Two <strong>labour camps<\/strong> codenamed M and D were established in the area for convicted war criminals and collaborators, as well as political and other prisoners. Prisoners from both camps worked together with civilian employees at the Bratrstv\u00ed mine until 1954, when both camps were permanently closed. During this time, thousands of tons of uranium were exported from the area to the Soviet Union.<\/p>\n<p>Part of the main mining tunnel was modified in 1974 for use as a radioactive waste repository, the operation of which continues to this day.<\/p>\n<p><img loading=\"lazy\" decoding=\"async\" class=\"wp-image-10630 aligncenter lazyload\" data-src=\"https:\/\/surao.gov.cz\/wp-content\/uploads\/2024\/11\/grafy2024_EN_Bratrstvi-300x192.jpg\" alt=\"\" width=\"720\" height=\"461\" data-srcset=\"https:\/\/surao.gov.cz\/wp-content\/uploads\/2024\/11\/grafy2024_EN_Bratrstvi-300x192.jpg 300w, https:\/\/surao.gov.cz\/wp-content\/uploads\/2024\/11\/grafy2024_EN_Bratrstvi-1024x655.jpg 1024w, https:\/\/surao.gov.cz\/wp-content\/uploads\/2024\/11\/grafy2024_EN_Bratrstvi-768x491.jpg 768w, https:\/\/surao.gov.cz\/wp-content\/uploads\/2024\/11\/grafy2024_EN_Bratrstvi-1536x982.jpg 1536w, https:\/\/surao.gov.cz\/wp-content\/uploads\/2024\/11\/grafy2024_EN_Bratrstvi-2048x1310.jpg 2048w, https:\/\/surao.gov.cz\/wp-content\/uploads\/2024\/11\/grafy2024_EN_Bratrstvi-1500x959.jpg 1500w\" data-sizes=\"(max-width: 720px) 100vw, 720px\" src=\"data:image\/gif;base64,R0lGODlhAQABAAAAACH5BAEKAAEALAAAAAABAAEAAAICTAEAOw==\" style=\"--smush-placeholder-width: 720px; --smush-placeholder-aspect-ratio: 720\/461;\" \/><noscript><img loading=\"lazy\" decoding=\"async\" class=\" wp-image-10630 aligncenter\" src=\"https:\/\/surao.gov.cz\/wp-content\/uploads\/2024\/11\/grafy2024_EN_Bratrstvi-300x192.jpg\" alt=\"\" width=\"720\" height=\"461\" srcset=\"https:\/\/surao.gov.cz\/wp-content\/uploads\/2024\/11\/grafy2024_EN_Bratrstvi-300x192.jpg 300w, https:\/\/surao.gov.cz\/wp-content\/uploads\/2024\/11\/grafy2024_EN_Bratrstvi-1024x655.jpg 1024w, https:\/\/surao.gov.cz\/wp-content\/uploads\/2024\/11\/grafy2024_EN_Bratrstvi-768x491.jpg 768w, https:\/\/surao.gov.cz\/wp-content\/uploads\/2024\/11\/grafy2024_EN_Bratrstvi-1536x982.jpg 1536w, https:\/\/surao.gov.cz\/wp-content\/uploads\/2024\/11\/grafy2024_EN_Bratrstvi-2048x1310.jpg 2048w, https:\/\/surao.gov.cz\/wp-content\/uploads\/2024\/11\/grafy2024_EN_Bratrstvi-1500x959.jpg 1500w\" sizes=\"(max-width: 720px) 100vw, 720px\" \/><\/noscript><\/p>\n<h3><strong>We must never forget our history<\/strong><\/h3>\n<p><img loading=\"lazy\" decoding=\"async\" class=\"wp-image-10499 alignright lazyload\" data-src=\"https:\/\/surao.gov.cz\/wp-content\/uploads\/2024\/10\/IMG_3776-300x200.jpg\" alt=\"\" width=\"325\" height=\"216\" data-srcset=\"https:\/\/surao.gov.cz\/wp-content\/uploads\/2024\/10\/IMG_3776-300x200.jpg 300w, https:\/\/surao.gov.cz\/wp-content\/uploads\/2024\/10\/IMG_3776-1024x683.jpg 1024w, https:\/\/surao.gov.cz\/wp-content\/uploads\/2024\/10\/IMG_3776-768x512.jpg 768w, https:\/\/surao.gov.cz\/wp-content\/uploads\/2024\/10\/IMG_3776-1536x1024.jpg 1536w, https:\/\/surao.gov.cz\/wp-content\/uploads\/2024\/10\/IMG_3776-2048x1365.jpg 2048w, https:\/\/surao.gov.cz\/wp-content\/uploads\/2024\/10\/IMG_3776-1500x1000.jpg 1500w\" data-sizes=\"(max-width: 325px) 100vw, 325px\" src=\"data:image\/gif;base64,R0lGODlhAQABAAAAACH5BAEKAAEALAAAAAABAAEAAAICTAEAOw==\" style=\"--smush-placeholder-width: 325px; --smush-placeholder-aspect-ratio: 325\/216;\" \/><noscript><img loading=\"lazy\" decoding=\"async\" class=\" wp-image-10499 alignright\" src=\"https:\/\/surao.gov.cz\/wp-content\/uploads\/2024\/10\/IMG_3776-300x200.jpg\" alt=\"\" width=\"325\" height=\"216\" srcset=\"https:\/\/surao.gov.cz\/wp-content\/uploads\/2024\/10\/IMG_3776-300x200.jpg 300w, https:\/\/surao.gov.cz\/wp-content\/uploads\/2024\/10\/IMG_3776-1024x683.jpg 1024w, https:\/\/surao.gov.cz\/wp-content\/uploads\/2024\/10\/IMG_3776-768x512.jpg 768w, https:\/\/surao.gov.cz\/wp-content\/uploads\/2024\/10\/IMG_3776-1536x1024.jpg 1536w, https:\/\/surao.gov.cz\/wp-content\/uploads\/2024\/10\/IMG_3776-2048x1365.jpg 2048w, https:\/\/surao.gov.cz\/wp-content\/uploads\/2024\/10\/IMG_3776-1500x1000.jpg 1500w\" sizes=\"(max-width: 325px) 100vw, 325px\" \/><\/noscript>In 2021, S\u00daRAO commissioned the establishment of a <strong>memorial to<\/strong> <strong>honour the memory of the prisoners<\/strong> who were forced to work in the Bratrstv\u00ed mine under inhumane conditions in cooperation with the Institute for the Study of Totalitarian Regimes. At the unveiling of the memorial, Franti\u0161ek Radkovsk\u00fd, Bishop Emeritus of Pilsen, offered this prayer:<\/p>\n<blockquote><p><em>Merciful Lord, we meet at this place to remember the suffering of so many innocent people, who were imprisoned and forced to work under inhumane conditions in the uranium mines in the area. People who strived for freedom, truth and justice, for which they were arrested and unjustly imprisoned. Please be merciful to all these victims who suffered injustice during the cruel communist regime. It is partly thanks to the suffering they endured that we live our lives today in freedom and comfort.<\/em><\/p>\n<p><em>We pray for those who imprisoned them, forced them to work under such conditions and treated them in such a cruel manner. If they are still alive, let them realise the horror of their acts and encourage them to repent. We pray that similar violence never be repeated in our country or anywhere else in the world.<\/em><\/p>\n<p><em>Please Dear Lord, grant that all who come here and read this memorial plaque understand the cruelty of unjust violence, remember all the victims and their suffering, and influenced by this awareness, strive for justice, mutual understanding, forgiveness and the peaceful resolution of misunderstandings and conflict.<\/em><\/p>\n<p><em>We pray for this through Your Son Jesus Christ in unity with the Holy Spirit, Amen.<\/em><\/p><\/blockquote>\n<h6>Source of the historical photographs: J\u00e1chymov Photo gallery, Bratrstv\u00ed mine (Miroslav Palfi, 2018). Accessible at https:\/\/www.rajce.idnes.cz\/mipalfi\/album\/jachymov-dul-bratrstvi (23-10-2024).<\/h6>\n","protected":false},"excerpt":{"rendered":"<p>Formerly a uranium mine, today a repository for radioactive waste The Bratrstv\u00ed nuclear waste repository, located near the town of J\u00e1chymov, was constructed in part of the abandoned underground complex of the Bratrstv\u00ed former uranium mine. The repository spaces are situated in the vicinity of the former main mining tunnel, which, together with 5 adjacent [&hellip;]<\/p>\n","protected":false},"author":4,"featured_media":0,"parent":2316,"menu_order":2,"comment_status":"closed","ping_status":"closed","template":"page.php","meta":{"_acf_changed":false,"footnotes":""},"class_list":["post-2388","page","type-page","status-publish","hentry"],"acf":[],"_links":{"self":[{"href":"https:\/\/surao.gov.cz\/en\/wp-json\/wp\/v2\/pages\/2388","targetHints":{"allow":["GET"]}}],"collection":[{"href":"https:\/\/surao.gov.cz\/en\/wp-json\/wp\/v2\/pages"}],"about":[{"href":"https:\/\/surao.gov.cz\/en\/wp-json\/wp\/v2\/types\/page"}],"author":[{"embeddable":true,"href":"https:\/\/surao.gov.cz\/en\/wp-json\/wp\/v2\/users\/4"}],"replies":[{"embeddable":true,"href":"https:\/\/surao.gov.cz\/en\/wp-json\/wp\/v2\/comments?post=2388"}],"version-history":[{"count":0,"href":"https:\/\/surao.gov.cz\/en\/wp-json\/wp\/v2\/pages\/2388\/revisions"}],"up":[{"embeddable":true,"href":"https:\/\/surao.gov.cz\/en\/wp-json\/wp\/v2\/pages\/2316"}],"wp:attachment":[{"href":"https:\/\/surao.gov.cz\/en\/wp-json\/wp\/v2\/media?parent=2388"}],"curies":[{"name":"wp","href":"https:\/\/api.w.org\/{rel}","templated":true}]}}