{"id":2418,"date":"2019-02-22T12:59:05","date_gmt":"2019-02-22T11:59:05","guid":{"rendered":"https:\/\/surao.gov.cz\/about-us\/lide-v-surao\/"},"modified":"2025-11-18T14:24:16","modified_gmt":"2025-11-18T13:24:16","slug":"people-at-surao","status":"publish","type":"page","link":"https:\/\/surao.gov.cz\/en\/about-us\/people-at-surao\/","title":{"rendered":"People at S\u00daRAO"},"content":{"rendered":"<p>&nbsp;<\/p>\n<table class=\"table table-striped\" style=\"height: 554px; width: 100%;\">\n<tbody>\n<tr style=\"height: 106px;\">\n<td style=\"width: 73.7838%; height: 106px;\">\n<h4><strong>RNDr. Luk\u00e1\u0161 Vondrovic, Ph.D.<\/strong><\/h4>\n<p>Director<\/p>\n<p><strong>Bc. Michael Tom\u00e1\u0161<\/strong><\/p>\n<p>Assistant to the Managing director<\/td>\n<td style=\"width: 25.2703%; height: 106px;\"><a href=\"mailto:vondrovic@surao.gov.cz\">vondrovic@surao.gov.cz<\/a><\/p>\n<p>&nbsp;<\/p>\n<p><a href=\"mailto:tomas@surao.gov.cz\">tomas@surao.gov.cz<\/a><\/p>\n<p>+420 221 421 511<\/td>\n<\/tr>\n<tr style=\"height: 106px;\">\n<td style=\"width: 73.7838%; height: 106px;\">\n<h4><strong>Ing. V\u00edt\u011bzslav Duda, MBA<\/strong><\/h4>\n<p>Deputy Director, Head of the Administration and Finance Department<\/td>\n<td style=\"width: 25.2703%; height: 106px;\"><a href=\"mailto:duda@surao.gov.cz\">duda@surao.gov.cz<\/a><\/p>\n<p>+420 221 421 526<\/td>\n<\/tr>\n<tr style=\"height: 106px;\">\n<td style=\"width: 73.7838%; height: 106px;\">\n<h4><strong>Ing. Martina M\u00e1\u010delov\u00e1<\/strong><\/h4>\n<p>Head of the Repository Operations, Safety and Licencing Procedures Department<\/td>\n<td style=\"width: 25.2703%; height: 106px;\"><a href=\"mailto:macelova@surao.gov.cz\">macelova@surao.gov.cz<\/a><\/p>\n<p>+420 221 421 541<\/td>\n<\/tr>\n<tr style=\"height: 106px;\">\n<td style=\"width: 73.7838%; height: 106px;\">\n<h4><strong>Ing. Mark\u00e9ta Dohn\u00e1lkov\u00e1<\/strong><\/h4>\n<p>Head of the RAW Repository Planning Department<\/td>\n<td style=\"width: 25.2703%; height: 106px;\"><a href=\"mailto:vondrovic@surao.gov.cz\">dohnalkova@surao.gov.cz<\/a><\/p>\n<p>+420 221 421 565<\/td>\n<\/tr>\n<tr>\n<td style=\"width: 73.7838%;\"><strong>Mgr. Martina B\u00edl\u00e1<\/strong><\/p>\n<p>Head of the communications department<\/td>\n<td style=\"width: 25.2703%;\" width=\"230\"><a href=\"mailto:bila@surao.gov.cz\">bila@surao.gov.cz<\/a><\/p>\n<p>+420 221 421 549<\/td>\n<\/tr>\n<tr>\n<td style=\"width: 73.7838%;\"><strong>Ing. Jaroslava Liehneov\u00e1<\/strong><\/p>\n<p>Internal audit manager<strong><br \/>\n<\/strong><\/td>\n<td style=\"width: 25.2703%;\" width=\"230\"><a href=\"mailto:liehneova@surao.gov.cz\">liehneova@surao.gov.cz<\/a><\/p>\n<p>+420 221 421 533<\/td>\n<\/tr>\n<tr>\n<td style=\"width: 73.7838%;\"><strong>Ing. Petra \u0160ulov\u00e1, MBA<\/strong><\/p>\n<p>Head of the accounting department<strong><br \/>\n<\/strong><\/td>\n<td style=\"width: 25.2703%;\"><a href=\"mailto:sulova@surao.gov.cz\">sulova@surao.gov.cz<\/a><\/p>\n<p>+420 221 421 512<\/td>\n<\/tr>\n<tr>\n<td style=\"width: 73.7838%;\"><strong>Mgr. Martin Eli\u00e1\u0161<\/strong><\/p>\n<p>Head of the information and communications technology department<\/td>\n<td style=\"width: 25.2703%;\"><a href=\"mailto:elias@surao.gov.cz\">elias@surao.gov.cz<\/a><\/p>\n<p>+420 221 421 566<\/td>\n<\/tr>\n<tr>\n<td style=\"width: 73.7838%;\"><strong>Ing. Lucie Hausmannov\u00e1, Ph.D.<\/strong><\/p>\n<p>Research and development coordinator<\/td>\n<td style=\"width: 25.2703%;\"><a href=\"mailto:hausmannova@surao.gov.cz\">hausmannova@<\/a><a href=\"mailto:hausmannova@surao.gov.cz\">surao.gov.cz<\/a><\/p>\n<p>+420 221 421 545<\/td>\n<\/tr>\n<tr>\n<td style=\"width: 73.7838%;\"><strong>Ing. Jarom\u00edr Augusta, Ph.D.<\/strong><\/p>\n<p>Head of the project design and engineering activities department<\/td>\n<td style=\"width: 25.2703%;\"><a href=\"mailto:augusta@surao.cz\">augusta@<\/a><a href=\"mailto:hausmannova@surao.gov.cz\">surao.gov.cz<\/a><\/p>\n<p>+420 221 421 556<\/td>\n<\/tr>\n<tr>\n<td style=\"width: 73.7838%;\"><strong>Ing. Jan Smutek, Ph. D.<\/strong><\/p>\n<p>Head of the engineered barrier development and Bukov URF department<\/td>\n<td style=\"width: 25.2703%;\"><a href=\"mailto:smutek@surao.gov.cz\">smutek@surao.gov.cz<\/a><\/p>\n<p>+420 601 159 031<\/td>\n<\/tr>\n<tr>\n<td style=\"width: 73.7838%;\"><strong>Ing. Petr Pavlovi\u010d<\/strong><\/p>\n<p>Manager of the Richard and\u00a0Bratrstv\u00ed repositories<strong><br \/>\n<\/strong><\/td>\n<td style=\"width: 25.2703%;\"><a href=\"mailto:pavlovic@surao.gov.cz\">pavlovic@surao.gov.cz<\/a><\/p>\n<p>+420 221 421 563<\/td>\n<\/tr>\n<tr>\n<td style=\"width: 73.7838%;\"><strong>Ing. Libor Svoboda<\/strong><\/p>\n<p>Manager of the Dukovany repository<strong><br \/>\n<\/strong><\/td>\n<td style=\"width: 25.2703%;\" width=\"230\"><a href=\"mailto:svoboda@surao.cz\">svoboda@<\/a><a href=\"mailto:pavlovic@surao.gov.cz\">surao.gov.cz<\/a><\/p>\n<p>+420 702 222 854<\/td>\n<\/tr>\n<tr>\n<td style=\"width: 73.7838%;\"><strong>Ing. Marek Vencl<\/strong><\/p>\n<p>Head of the geological barriers department<strong><br \/>\n<\/strong><\/td>\n<td style=\"width: 25.2703%;\"><a href=\"mailto:vencl@surao.gov.cz\">vencl@surao.gov.cz<\/a><\/p>\n<p>+420 221 421 580<\/td>\n<\/tr>\n<tr>\n<td style=\"width: 73.7838%;\"><strong>Ing. Milan Tou\u0161<\/strong><\/p>\n<p>Head of the safety and licensing department<\/td>\n<td style=\"width: 25.2703%;\"><a href=\"mailto:tous@surao.gov.cz\">tous@ surao.gov.cz<\/a><\/p>\n<p>+420 607 962 373<\/td>\n<\/tr>\n<tr>\n<td style=\"width: 73.7838%;\"><strong>Ing. Jarom\u00edr Sud<\/strong><\/p>\n<p>Leading specialist for radiation protection<\/td>\n<td style=\"width: 25.2703%;\"><a href=\"mailto:sud@surao.cz\">sud@<\/a><a href=\"mailto:pavlovic@surao.gov.cz\">surao.gov.cz<\/a><\/p>\n<p>+420 221 421 558<\/td>\n<\/tr>\n<\/tbody>\n<\/table>\n","protected":false},"excerpt":{"rendered":"<p>&nbsp; RNDr. Luk\u00e1\u0161 Vondrovic, Ph.D. Director Bc. Michael Tom\u00e1\u0161 Assistant to the Managing director vondrovic@surao.gov.cz &nbsp; tomas@surao.gov.cz +420 221 421 511 Ing. V\u00edt\u011bzslav Duda, MBA Deputy Director, Head of the Administration and Finance Department duda@surao.gov.cz +420 221 421 526 Ing. Martina M\u00e1\u010delov\u00e1 Head of the Repository Operations, Safety and Licencing Procedures Department macelova@surao.gov.cz +420 221 [&hellip;]<\/p>\n","protected":false},"author":4,"featured_media":0,"parent":270,"menu_order":1,"comment_status":"closed","ping_status":"closed","template":"page.php","meta":{"_acf_changed":false,"footnotes":""},"class_list":["post-2418","page","type-page","status-publish","hentry"],"acf":[],"_links":{"self":[{"href":"https:\/\/surao.gov.cz\/en\/wp-json\/wp\/v2\/pages\/2418","targetHints":{"allow":["GET"]}}],"collection":[{"href":"https:\/\/surao.gov.cz\/en\/wp-json\/wp\/v2\/pages"}],"about":[{"href":"https:\/\/surao.gov.cz\/en\/wp-json\/wp\/v2\/types\/page"}],"author":[{"embeddable":true,"href":"https:\/\/surao.gov.cz\/en\/wp-json\/wp\/v2\/users\/4"}],"replies":[{"embeddable":true,"href":"https:\/\/surao.gov.cz\/en\/wp-json\/wp\/v2\/comments?post=2418"}],"version-history":[{"count":0,"href":"https:\/\/surao.gov.cz\/en\/wp-json\/wp\/v2\/pages\/2418\/revisions"}],"up":[{"embeddable":true,"href":"https:\/\/surao.gov.cz\/en\/wp-json\/wp\/v2\/pages\/270"}],"wp:attachment":[{"href":"https:\/\/surao.gov.cz\/en\/wp-json\/wp\/v2\/media?parent=2418"}],"curies":[{"name":"wp","href":"https:\/\/api.w.org\/{rel}","templated":true}]}}