{"id":3065,"date":"2019-03-28T17:51:21","date_gmt":"2019-03-28T16:51:21","guid":{"rendered":"https:\/\/surao.gov.cz\/?page_id=3065"},"modified":"2019-04-04T15:37:21","modified_gmt":"2019-04-04T13:37:21","slug":"sitemap","status":"publish","type":"page","link":"https:\/\/surao.gov.cz\/en\/sitemap\/","title":{"rendered":"Sitemap"},"content":{"rendered":"<div id=\"simple-sitemap-container-69e91669460d9\" class=\"simple-sitemap-container simple-sitemap-container-69e91669460d9 tab-disabled\"><div class=\"simple-sitemap-wrap\"><h3 class=\"post-type\">Pages<\/h3><ul class=\"simple-sitemap-page main\"><li class=\"sitemap-item page_item page-item-270 page_item_has_children\"><a href=\"https:\/\/surao.gov.cz\/en\/about-us\/\">About us<\/a>\n<ul class='children'>\n\t<li class=\"sitemap-item page_item page-item-3882\"><a href=\"https:\/\/surao.gov.cz\/en\/about-us\/annual-reports\/\">Annual Reports<\/a><\/li>\n\t<li class=\"sitemap-item page_item page-item-1721\"><a href=\"https:\/\/surao.gov.cz\/en\/about-us\/contacts\/\">Contacts<\/a><\/li>\n\t<li class=\"sitemap-item page_item page-item-2408\"><a href=\"https:\/\/surao.gov.cz\/en\/about-us\/financing\/\">Financing<\/a><\/li>\n\t<li class=\"sitemap-item page_item page-item-2413\"><a href=\"https:\/\/surao.gov.cz\/en\/about-us\/mezinarodni-spoluprace\/\">International cooperation<\/a><\/li>\n\t<li class=\"sitemap-item page_item page-item-8728\"><a href=\"https:\/\/surao.gov.cz\/en\/about-us\/mandatory-public-disclosure-information\/\">Mandatory public disclosure information<\/a><\/li>\n\t<li class=\"sitemap-item page_item page-item-2418\"><a href=\"https:\/\/surao.gov.cz\/en\/about-us\/people-at-surao\/\">People at S\u00daRAO<\/a><\/li>\n\t<li class=\"sitemap-item page_item page-item-6508 page_item_has_children\"><a href=\"https:\/\/surao.gov.cz\/en\/about-us\/privacy-policy\/\">Privacy policy<\/a>\n\t<ul class='children'>\n\t\t<li class=\"sitemap-item page_item page-item-6651\"><a href=\"https:\/\/surao.gov.cz\/en\/about-us\/privacy-policy\/cookie-policy\/\">Cookie Policy<\/a><\/li>\n\t<\/ul>\n<\/li>\n\t<li class=\"sitemap-item page_item page-item-2404\"><a href=\"https:\/\/surao.gov.cz\/en\/about-us\/who-we-are\/\">Who we are<\/a><\/li>\n<\/ul>\n<\/li>\n<li class=\"sitemap-item page_item page-item-5098\"><a href=\"https:\/\/surao.gov.cz\/en\/contact-us\/\">Contact us<\/a><\/li>\n<li class=\"sitemap-item page_item page-item-8813\"><a href=\"https:\/\/surao.gov.cz\/en\/contributions\/\">Contributions to municipalities<\/a><\/li>\n<li class=\"sitemap-item page_item page-item-5084\"><a href=\"https:\/\/surao.gov.cz\/en\/criteria-of-site-shortlisting\/\">Criteria of site shortlisting<\/a><\/li>\n<li class=\"sitemap-item page_item page-item-2312 page_item_has_children\"><a href=\"https:\/\/surao.gov.cz\/en\/deep-geological-repository\/\">Deep geological repository<\/a>\n<ul class='children'>\n\t<li class=\"sitemap-item page_item page-item-2359\"><a href=\"https:\/\/surao.gov.cz\/en\/deep-geological-repository\/dgr-in-czech-republic\/\">DGR in the Czech Republic<\/a><\/li>\n\t<li class=\"sitemap-item page_item page-item-2363\"><a href=\"https:\/\/surao.gov.cz\/en\/deep-geological-repository\/safety-of-dgr\/\">How we ensure the safety of the deep geological repository<\/a><\/li>\n<\/ul>\n<\/li>\n<li class=\"sitemap-item page_item page-item-5129\"><a href=\"https:\/\/surao.gov.cz\/en\/dgr-benefits\/\">DGR benefits<\/a><\/li>\n<li class=\"sitemap-item page_item page-item-142 page_item_has_children\"><a href=\"https:\/\/surao.gov.cz\/en\/experts\/\">Experts<\/a>\n<ul class='children'>\n\t<li class=\"sitemap-item page_item page-item-2341\"><a href=\"https:\/\/surao.gov.cz\/en\/experts\/dgr-design\/\">DGR design<\/a><\/li>\n\t<li class=\"sitemap-item page_item page-item-2337\"><a href=\"https:\/\/surao.gov.cz\/en\/experts\/engineered-barriers\/\">Engineered barriers<\/a><\/li>\n\t<li class=\"sitemap-item page_item page-item-2301\"><a href=\"https:\/\/surao.gov.cz\/en\/experts\/geological-investigation-work\/\">Geological investigation work<\/a><\/li>\n\t<li class=\"sitemap-item page_item page-item-2345\"><a href=\"https:\/\/surao.gov.cz\/en\/experts\/safety\/\">Safety<\/a><\/li>\n<\/ul>\n<\/li>\n<li class=\"sitemap-item page_item page-item-85\"><a href=\"https:\/\/surao.gov.cz\/en\/\">Homepage<\/a><\/li>\n<li class=\"sitemap-item page_item page-item-5124\"><a href=\"https:\/\/surao.gov.cz\/en\/life-stages-of-the-dgr\/\">Life stages of the DGR<\/a><\/li>\n<li class=\"sitemap-item page_item page-item-2570 page_item_has_children\"><a href=\"https:\/\/surao.gov.cz\/en\/presskit\/\">Press kit<\/a>\n<ul class='children'>\n\t<li class=\"sitemap-item page_item page-item-1738\"><a href=\"https:\/\/surao.gov.cz\/en\/presskit\/image-gallery\/\">Image gallery<\/a><\/li>\n<\/ul>\n<\/li>\n<li class=\"sitemap-item page_item page-item-7820\"><a href=\"https:\/\/surao.gov.cz\/en\/press-kit-surao\/\">Press kit<\/a><\/li>\n<li class=\"sitemap-item page_item page-item-265 page_item_has_children\"><a href=\"https:\/\/surao.gov.cz\/en\/public\/\">Public<\/a>\n<ul class='children'>\n\t<li class=\"sitemap-item page_item page-item-5559\"><a href=\"https:\/\/surao.gov.cz\/en\/public\/brozury\/\">Brochures<\/a><\/li>\n\t<li class=\"sitemap-item page_item page-item-2316 page_item_has_children\"><a href=\"https:\/\/surao.gov.cz\/en\/public\/operational-repositories\/\">Operational radioactive waste repositories<\/a>\n\t<ul class='children'>\n\t\t<li class=\"sitemap-item page_item page-item-2382\"><a href=\"https:\/\/surao.gov.cz\/en\/public\/operational-repositories\/about-repositories\/\">About repositories<\/a><\/li>\n\t\t<li class=\"sitemap-item page_item page-item-2388\"><a href=\"https:\/\/surao.gov.cz\/en\/public\/operational-repositories\/bratrstvi-repository\/\">Bratrstv\u00ed repository<\/a><\/li>\n\t\t<li class=\"sitemap-item page_item page-item-2398\"><a href=\"https:\/\/surao.gov.cz\/en\/public\/operational-repositories\/closed-repository-hostim\/\">Closed repository Hostim<\/a><\/li>\n\t\t<li class=\"sitemap-item page_item page-item-2397\"><a href=\"https:\/\/surao.gov.cz\/en\/public\/operational-repositories\/dukovany-repository\/\">Dukovany repository<\/a><\/li>\n\t\t<li class=\"sitemap-item page_item page-item-2378\"><a href=\"https:\/\/surao.gov.cz\/en\/public\/operational-repositories\/ensuring-repository-safety\/\">How we ensure repository safety<\/a><\/li>\n\t\t<li class=\"sitemap-item page_item page-item-2390\"><a href=\"https:\/\/surao.gov.cz\/en\/public\/operational-repositories\/richard-repository\/\">Richard repository<\/a><\/li>\n\t<\/ul>\n<\/li>\n<\/ul>\n<\/li>\n<li class=\"sitemap-item page_item page-item-5292\"><a href=\"https:\/\/surao.gov.cz\/en\/recommended-sites\/\">Recommended sites<\/a><\/li>\n<li class=\"sitemap-item page_item page-item-5149\"><a href=\"https:\/\/surao.gov.cz\/en\/site-shortlisting\/\">Site shortlisting<\/a><\/li>\n<li class=\"sitemap-item page_item page-item-3065\"><a href=\"https:\/\/surao.gov.cz\/en\/sitemap\/\">Sitemap<\/a><\/li>\n<li class=\"sitemap-item page_item page-item-5248\"><a href=\"https:\/\/surao.gov.cz\/en\/the-next-steps\/\">The next steps<\/a><\/li>\n<li class=\"sitemap-item page_item page-item-2353\"><a href=\"https:\/\/surao.gov.cz\/en\/what-is-dgr\/\">What is a deep geological repository and why is it essential<\/a><\/li>\n<li class=\"sitemap-item page_item page-item-196\"><a href=\"https:\/\/surao.gov.cz\/en\/whats-new\/\">What's new<\/a><\/li>\n<\/ul><\/div><div class=\"simple-sitemap-wrap\"><h3 class=\"post-type\">Aktuality<\/h3><ul class=\"simple-sitemap-post main\"><li class=\"sitemap-item\"><a href=\"https:\/\/surao.gov.cz\/en\/2026-waste-management-symposia\/\">2026 Waste Management Symposia<\/a><\/li><li class=\"sitemap-item\"><a href=\"https:\/\/surao.gov.cz\/en\/a-long-term-hydro-monitoring-project-has-commenced\/\">A long-term hydro-monitoring project has commenced<\/a><\/li><li class=\"sitemap-item\"><a href=\"https:\/\/surao.gov.cz\/en\/applications-for-the-establishment-of-investigation\/\">Applications for the establishment of investigation<\/a><\/li><li class=\"sitemap-item\"><a href=\"https:\/\/surao.gov.cz\/en\/artemis-mission\/\">Artemis mission<\/a><\/li><li class=\"sitemap-item\"><a href=\"https:\/\/surao.gov.cz\/en\/safe-suistainable-fuel-cycle-back-end\/\">Conference Safe and Sustainable Fuel Cycle Back-End<\/a><\/li><li class=\"sitemap-item\"><a href=\"https:\/\/surao.gov.cz\/en\/conference-ssfc-2020\/\">Conference SSFC 2020<\/a><\/li><li class=\"sitemap-item\"><a href=\"https:\/\/surao.gov.cz\/en\/exchange-forum-igd-tp\/\">Exchange forum IGD-TP<\/a><\/li><li class=\"sitemap-item\"><a href=\"https:\/\/surao.gov.cz\/en\/expert-advisory-panel-ii\/\">Expert Advisory Panel II<\/a><\/li><li class=\"sitemap-item\"><a href=\"https:\/\/surao.gov.cz\/en\/handover-of-the-bukov-ii-underground-research-facility-for-trial-operation\/\">Handover of Bukov Underground Research Facility II for Trial Operation<\/a><\/li><li class=\"sitemap-item\"><a href=\"https:\/\/surao.gov.cz\/en\/investigation-area-at-the-horka-site\/\">Investigation area at the Horka site<\/a><\/li><li class=\"sitemap-item\"><a href=\"https:\/\/surao.gov.cz\/en\/investigation-area-at-the-hradek-site\/\">Investigation area at the Hr\u00e1dek site<\/a><\/li><li class=\"sitemap-item\"><a href=\"https:\/\/surao.gov.cz\/en\/lukas_vondrovic_became_the_director_of_surao\/\">Luk\u00e1\u0161 Vondrovic became the director of S\u00daRAO<\/a><\/li><li class=\"sitemap-item\"><a href=\"https:\/\/surao.gov.cz\/en\/meeting-of-hotbent-partners\/\">Meeting of HotBENT partners<\/a><\/li><li class=\"sitemap-item\"><a href=\"https:\/\/surao.gov.cz\/en\/president-pavel-unveiled-memorial-at-richard-repository\/\">President Pavel unveiled memorial at Richard repository<\/a><\/li><li class=\"sitemap-item\"><a href=\"https:\/\/surao.gov.cz\/en\/memorandum-javys\/\">Signing of a Memorandum between S\u00daRAO and the JAVYS agency<\/a><\/li><li class=\"sitemap-item\"><a href=\"https:\/\/surao.gov.cz\/en\/surao_continues\/\">S\u00daRAO continues to fulfill its activities and responsibilities<\/a><\/li><li class=\"sitemap-item\"><a href=\"https:\/\/surao.gov.cz\/en\/11098\/\">S\u00daRAO has published its methodology for the selection of the final and backup sites for the Czech deep geological repository<\/a><\/li><li class=\"sitemap-item\"><a href=\"https:\/\/surao.gov.cz\/en\/surao-information-center-in-jachymov\/\">S\u00daRAO information center in J\u00e1chymov<\/a><\/li><li class=\"sitemap-item\"><a href=\"https:\/\/surao.gov.cz\/en\/visit-to-surao-by-a-delegation-from-romania\/\">Visit to S\u00daRAO by a delegation from Romania<\/a><\/li><li class=\"sitemap-item\"><a href=\"https:\/\/surao.gov.cz\/en\/we-are-now-leading-the-implementing-geological-disposal-of-radioactive-waste-technology-platform\/\">We are now leading the Implementing Geological Disposal of radioactive waste Technology Platform.<\/a><\/li><li class=\"sitemap-item\"><a href=\"https:\/\/surao.gov.cz\/en\/we-have-signed-a-cooperation-agreement-with-the-state-office-for-nuclear-safety\/\">We have signed a cooperation agreement with the State Office for Nuclear Safety<\/a><\/li><\/ul><\/div><div class=\"simple-sitemap-wrap\"><h3 class=\"post-type\">For media<\/h3><p class=\"no-posts\">Sorry, no for media found.<\/p><\/div><\/div><br style=\"clear: both;\">\n<style>\n.children {<br \/>margin-left: 30px;<br \/>}<br \/><\/style>\n","protected":false},"excerpt":{"rendered":"","protected":false},"author":7,"featured_media":0,"parent":0,"menu_order":0,"comment_status":"closed","ping_status":"closed","template":"page.php","meta":{"_acf_changed":false,"footnotes":""},"class_list":["post-3065","page","type-page","status-publish","hentry"],"acf":[],"_links":{"self":[{"href":"https:\/\/surao.gov.cz\/en\/wp-json\/wp\/v2\/pages\/3065","targetHints":{"allow":["GET"]}}],"collection":[{"href":"https:\/\/surao.gov.cz\/en\/wp-json\/wp\/v2\/pages"}],"about":[{"href":"https:\/\/surao.gov.cz\/en\/wp-json\/wp\/v2\/types\/page"}],"author":[{"embeddable":true,"href":"https:\/\/surao.gov.cz\/en\/wp-json\/wp\/v2\/users\/7"}],"replies":[{"embeddable":true,"href":"https:\/\/surao.gov.cz\/en\/wp-json\/wp\/v2\/comments?post=3065"}],"version-history":[{"count":0,"href":"https:\/\/surao.gov.cz\/en\/wp-json\/wp\/v2\/pages\/3065\/revisions"}],"wp:attachment":[{"href":"https:\/\/surao.gov.cz\/en\/wp-json\/wp\/v2\/media?parent=3065"}],"curies":[{"name":"wp","href":"https:\/\/api.w.org\/{rel}","templated":true}]}}