{"id":8728,"date":"2023-04-03T19:12:12","date_gmt":"2023-04-03T17:12:12","guid":{"rendered":"https:\/\/surao.gov.cz\/about-us\/mandatory-public-disclosure-information\/"},"modified":"2023-04-03T21:00:00","modified_gmt":"2023-04-03T19:00:00","slug":"mandatory-public-disclosure-information","status":"publish","type":"page","link":"https:\/\/surao.gov.cz\/en\/about-us\/mandatory-public-disclosure-information\/","title":{"rendered":"Mandatory public disclosure information"},"content":{"rendered":"<p><b>Official name in full<\/b><b><br \/>\n<\/b><span style=\"font-weight: 400;\">Radioactive Waste Repository Authority (abbreviated name: S\u00daRAO)<\/span><\/p>\n<p><b>Reason for and method of establishment<\/b><b><br \/>\n<\/b><span style=\"font-weight: 400;\">The Radioactive Waste Repository Authority was established on 1 June 1997 by the Ministry of Industry and Trade in the form of a state organisation. Since 2001, S\u00daRAO has comprised, in the sense of section 51 of Act No. 219\/2000 Coll., a state organisational institution.<\/span><\/p>\n<p><b>Description of the organisational structure<\/b><\/p>\n<p><span style=\"font-weight: 400;\">A list of S\u00daRAO\u2019s management personnel is available <\/span><span style=\"font-weight: 400;\">HERE<\/span><\/p>\n<p><b>Contacts<\/b><span style=\"font-weight: 400;\">\u00a0<\/span><\/p>\n<p><span style=\"font-weight: 400;\">Contact details are available <\/span><span style=\"font-weight: 400;\">HERE<\/span><\/p>\n<p><b>Bank details<\/b><b><br \/>\n<\/b><span style=\"font-weight: 400;\">\u010cNB, Prague branch. Account no. 6015-64726011\/0710<\/span><\/p>\n<p><b>Identification number<\/b><b><br \/>\n<\/b><span style=\"font-weight: 400;\">66000769<\/span><\/p>\n<p><b>Tax identification number<\/b><b><br \/>\n<\/b><span style=\"font-weight: 400;\">CZ66000769 (non VAT payer)<\/span><\/p>\n<p><b>Requests for information pursuant to Act No. 106\/1999 Coll.<\/b><b><br \/>\n<\/b><span style=\"font-weight: 400;\">Information is available <\/span><span style=\"font-weight: 400;\">HERE<\/span><\/p>\n<p><b>Receipt of requests and other submissions<\/b><b><br \/>\n<\/b><span style=\"font-weight: 400;\">Proposals and complaints can be submitted orally at the Information Centre located at S\u00daRAO\u2019s headquarters during opening hours, in writing or electronically to the addresses listed in the <\/span><span style=\"font-weight: 400;\">Contacts.<\/span><\/p>\n<p><b>Remedies<\/b><b><br \/>\n<\/b><span style=\"font-weight: 400;\">Appeals can be filed against a decision to reject a request for information within 15 days of the delivery of the decision to the applicant, or from the date of expiration of the deadline for the processing of the request. Such appeals should be filed at S\u00daRAO, Dl\u00e1\u017ed\u011bn\u00e1 6, 110 00 Prague 1. The appeal body comprises the Ministry of Industry and Trade.<\/span><\/p>\n<p><b>Payments for the provision of information<\/b><b><br \/>\n<\/b><span style=\"font-weight: 400;\">The payments tariff is available <\/span><span style=\"font-weight: 400;\">HERE<\/span><\/p>\n<p><b>Plan of activities<\/b><\/p>\n<p><a href=\"https:\/\/surao.gov.cz\/wp-content\/uploads\/2023\/02\/Plan-cinnosti-2023.docx\"><span style=\"font-weight: 400;\">2023<\/span><\/a><\/p>\n<p><b>Annual reports<\/b><b><br \/>\n<\/b><span style=\"font-weight: 400;\">Annual reports are available <\/span><span style=\"font-weight: 400;\">HERE<\/span><\/p>\n<p><b>Protection of personal data, GDPR<\/b><b><br \/>\n<\/b><span style=\"font-weight: 400;\">S\u00daRAO is governed by Act No. 110\/2019 Coll. on the protection of personal data and the European regulation on the protection of personal data (GDPR), available <\/span><span style=\"font-weight: 400;\">HERE<\/span><span style=\"font-weight: 400;\">. Information on requests concerning personal data matters is available <\/span><span style=\"font-weight: 400;\">HERE<\/span><span style=\"font-weight: 400;\">, and the respective memorandum <\/span><span style=\"font-weight: 400;\">HERE<\/span><span style=\"font-weight: 400;\">.<\/span><\/p>\n<p><b>Basic documentation and legislation<\/b><b><br \/>\n<\/b><span style=\"font-weight: 400;\">An overview of the relevant legal regulations, documentation and guidelines is available <\/span><span style=\"font-weight: 400;\">HERE<\/span><span style=\"font-weight: 400;\">.<\/span><\/p>\n<p><b>Internal anti-corruption programme<\/b><b><br \/>\n<\/b><span style=\"font-weight: 400;\">The respective document is available <\/span><span style=\"font-weight: 400;\">HERE<\/span><\/p>\n<p><b>Information on measures in place related to the reporting of suspected illegal activities<\/b><\/p>\n<p><span style=\"font-weight: 400;\">The respective document is available <\/span><span style=\"font-weight: 400;\">HERE<\/span><\/p>\n<p><b>List of advisory bodies, consultants and legal offices<\/b><b><br \/>\n<\/b><span style=\"font-weight: 400;\">The respective document is available here:\u00a0<\/span><a href=\"https:\/\/surao.gov.cz\/wp-content\/uploads\/2022\/08\/Seznam-poradnich-organu_1_2022.pdf\"><span style=\"font-weight: 400;\">1\/2022<\/span><\/a><span style=\"font-weight: 400;\">\u00a0<\/span><a href=\"https:\/\/surao.gov.cz\/wp-content\/uploads\/2023\/02\/Seznam-poradnich-organu_2_2022.docx\"><span style=\"font-weight: 400;\">2\/2022<\/span><\/a><\/p>\n<p><b>Offers for the sale and lease of property<\/b><b><br \/>\n<\/b><span style=\"font-weight: 400;\">The<\/span> <span style=\"font-weight: 400;\">Radioactive Waste Repository Authority currently does not sell or lease any property.<\/span><\/p>\n","protected":false},"excerpt":{"rendered":"<p>Official name in full Radioactive Waste Repository Authority (abbreviated name: S\u00daRAO) Reason for and method of establishment The Radioactive Waste Repository Authority was established on 1 June 1997 by the Ministry of Industry and Trade in the form of a state organisation. Since 2001, S\u00daRAO has comprised, in the sense of section 51 of Act [&hellip;]<\/p>\n","protected":false},"author":4,"featured_media":0,"parent":270,"menu_order":3,"comment_status":"closed","ping_status":"closed","template":"page.php","meta":{"_acf_changed":false,"footnotes":""},"class_list":["post-8728","page","type-page","status-publish","hentry"],"acf":[],"_links":{"self":[{"href":"https:\/\/surao.gov.cz\/en\/wp-json\/wp\/v2\/pages\/8728","targetHints":{"allow":["GET"]}}],"collection":[{"href":"https:\/\/surao.gov.cz\/en\/wp-json\/wp\/v2\/pages"}],"about":[{"href":"https:\/\/surao.gov.cz\/en\/wp-json\/wp\/v2\/types\/page"}],"author":[{"embeddable":true,"href":"https:\/\/surao.gov.cz\/en\/wp-json\/wp\/v2\/users\/4"}],"replies":[{"embeddable":true,"href":"https:\/\/surao.gov.cz\/en\/wp-json\/wp\/v2\/comments?post=8728"}],"version-history":[{"count":0,"href":"https:\/\/surao.gov.cz\/en\/wp-json\/wp\/v2\/pages\/8728\/revisions"}],"up":[{"embeddable":true,"href":"https:\/\/surao.gov.cz\/en\/wp-json\/wp\/v2\/pages\/270"}],"wp:attachment":[{"href":"https:\/\/surao.gov.cz\/en\/wp-json\/wp\/v2\/media?parent=8728"}],"curies":[{"name":"wp","href":"https:\/\/api.w.org\/{rel}","templated":true}]}}