{"id":8813,"date":"2023-05-19T12:07:36","date_gmt":"2023-05-19T10:07:36","guid":{"rendered":"https:\/\/surao.gov.cz\/?page_id=8813"},"modified":"2023-05-19T12:07:36","modified_gmt":"2023-05-19T10:07:36","slug":"contributions","status":"publish","type":"page","link":"https:\/\/surao.gov.cz\/en\/contributions\/","title":{"rendered":"Contributions to municipalities"},"content":{"rendered":"<p><strong>Balance of the statutory financial contributions provided to local authorities affected by preparations of the deep geological repository and operational radioactive waste repositories, and future outlook<\/strong><\/p>\n<p>Contributions for the determination of geological survey areas and protected areas for special intervention into the earth\u2019s crust comprise legally sanctioned payments to those municipalities affected by preparations for the construction of the deep geological repository according to the Atomic Act (Act No. 263\/2016 Coll.) and Government Decree No. 35\/2017 Coll. Moreover, the financial contributions provided to municipalities affected by currently operational repositories are also defined in the Atomic Act. In addition, municipalities are entitled to a financial contribution according to the Act on Geological Work. Such statutory contributions are paid to the affected municipalities from the nuclear account by the Radioactive Waste Repository Authority (S\u00daRAO).<\/p>\n<p>The financial contributions provided according to Section 117 of the Atomic Act are intended to compensate municipalities for impacts resulting from their geographical proximity to a nuclear facility used for the disposal of radioactive waste, the risks arising from the siting of a radioactive waste repository in their cadastral areas and the impacts of central administrative decisions on those municipalities.<\/p>\n<p>Statutory contributions can be divided into the following categories:<\/p>\n<ul>\n<li>Submission of an application <u>for the determination of a<\/u> <u>geological survey area for special intervention into the earth\u2019s crust:<\/u> upon the acceptance of the initial submission of an application, the municipality receives a one-off financial contribution of <strong>CZK 1 million.<\/strong> In the case of repeated requests for the granting of geological survey area status, if the municipality has already received a financial contribution, no further claim can be accepted.<\/li>\n<li><u>Determination of a<\/u> <u>geological survey area for special intervention in the earth\u2019s crust:<\/u> following the determination of a geological survey area, each affected municipality is entitled to an <strong>annual financial contribution of CZK 600,000<\/strong> and a further <strong>CZK 400,000 per km<sup>2<\/sup><\/strong> depending on the extent of the cadastral area of the municipality. Contributions are paid for the period of validity of the specified geological survey area.<\/li>\n<li><u>Determination of a protected area for special intervention into the earth\u2019s crust:<\/u> following the determination of a protected area, the affected municipality is entitled to a one-off financial contribution of <strong>CZK 60 million<\/strong> in the first year, and for every subsequent year the financial contribution is based on a similar calculation as for the geological survey area, i.e. an <strong>annual financial contribution of CZK 600,000<\/strong> and a further <strong>CZK 600,000 per km<sup>2<\/sup><\/strong> for the cadastral area of the municipality. In the past, the financial contribution for the establishment of a protected area (previously <strong>CZK 50 million<\/strong>) was also provided to the Richard (near Litom\u011b\u0159ice) and Bratrstv\u00ed (in J\u00e1chymov) currently operational near-surface repositories. Contributions are paid for the period of validity of the designated protected area up to the introduction into operation of the repository.<\/li>\n<li><u>Operation of a radioactive waste repository:<\/u> concerning those municipalities in whose cadastral territories the operation of a repository is permitted, the statutory financial contribution comprises an <strong>annual financial contribution of CZK 4 million<\/strong> and <strong>CZK 10,000 for each m<sup>3<\/sup><\/strong> of waste disposed of at the repository.<\/li>\n<li><u>The financial contribution according to the Act on Geological Work<\/u> is set at <strong>CZK 2,000 per km<sup>2<\/sup><\/strong> for the first year following the definition of a geological survey area. This fee is increased by <strong>CZK 1,000 for each km<sup>2<\/sup><\/strong> in each subsequent year.<\/li>\n<\/ul>\n<p><strong>Financial contributions for operational repositories<\/strong><\/p>\n<p>The affected municipalities have been reimbursed for hosting operational repositories since the introduction into force of the new Atomic Act in <strong>2017<\/strong>:<\/p>\n<ul>\n<li>The Richard repository in the town of Litom\u011b\u0159ice: up to 2022, <strong>CZK 80.6 million<\/strong>, including a financial contribution of <strong>CZK 50 million<\/strong> for the designation of a protected area. In 2022, Litom\u011b\u0159ice received a financial contribution of <strong>CZK 5.4 million<\/strong> from the nuclear account.<\/li>\n<li>The Bratrstv\u00ed repository in the town of J\u00e1chymov: up to 2022, <strong>CZK 74.1 million<\/strong>, including a financial contribution of <strong>CZK 50 million<\/strong> for the designation of a protected area. In 2022, J\u00e1chymov received a financial contribution of <strong>CZK 4 million<\/strong> from the nuclear account.<\/li>\n<li>The Dukovany repository in the Rouchovany municipality: up to 2022, <strong>CZK 39.7 million<\/strong>. In 2022, the municipality of Rouchovany received a financial contribution of <strong>CZK 7.2 million<\/strong> from the nuclear account.<\/li>\n<\/ul>\n<p><strong>Financial contributions for municipalities affected by preparations for the deep geological repository<\/strong><\/p>\n<p>From 2015 to the beginning of 2023, a total of <strong>CZK 203.8 million<\/strong> was paid in statutory financial contributions to the municipalities that make up the nine original potential sites considered for the siting of the deep geological repository. No protected areas were established for any of these sites. In 2020, based on a detailed site evaluation process, the number of sites was reduced from nine to four; the Government confirmed the selection of the four sites via Resolution No. 1350 of 21 December 2020.<\/p>\n<p>In the case of the four selected sites, the amount of the financial contribution depends on the extent of the cadastral area of the municipality. Each site is specific in terms of all the parameters considered; hence, the maps of the affected areas to which the submitted applications for the determination of geological survey areas relate as of March 2023 are shown below with summary information:<\/p>\n<ul>\n<li><strong>B\u0159ezov\u00fd potok:<\/strong> 9 villages and 1 town with a total affected cadastral area of 37.87 km<sup>2<\/sup>.<\/li>\n<\/ul>\n<p>The site received a total of <strong>CZK 31.2 million <\/strong>for the period<strong> 2015 to 2023<\/strong>.<\/p>\n<p>The 9 villages and 1 town that make up the B\u0159ezov\u00fd potok site in the current stage will receive contributions for the specified survey area in the amount of at least <strong>CZK 21.2 million<\/strong> per year for the entire period of validity of the geological survey area. The financial contributions to the various municipalities range from <strong>CZK 810,909<\/strong> to <strong>CZK 4,150,741<\/strong>, depending on the size of the affected cadastral area.<\/p>\n<a href=\"https:\/\/surao.gov.cz\/wp-content\/uploads\/2023\/03\/Brezovy_potok_opt.pdf\" class=\"pdfemb-viewer\" style=\"\" data-width=\"max\" data-height=\"max\" data-toolbar=\"bottom\" data-toolbar-fixed=\"off\">Brezovy_potok_opt<\/a>\n<p>B\u0159ezov\u00fd potok &#8211; map of the geological survey area<\/p>\n<p>&nbsp;<\/p>\n<ul>\n<li><strong>Horka:<\/strong> 8 villages and 1 town with a total affected cadastral area of 28.27 km<sup>2<\/sup>.<\/li>\n<\/ul>\n<p>The site received a total of <strong>CZK 36.9 million <\/strong>for the period<strong> 2015 to 2023<\/strong>.<\/p>\n<p>The 8 villages and 1 town that make up the Horka site in the current stage will receive contributions for the specified survey area in the amount of at least <strong>CZK 16.8 million<\/strong> per year for the entire period of validity of the geological survey area. The financial contributions to the various municipalities range from <strong>CZK 920,767<\/strong> to <strong>CZK 4,462,486<\/strong>, depending on the size of the affected cadastral area.<\/p>\n<a href=\"https:\/\/surao.gov.cz\/wp-content\/uploads\/2023\/03\/Horka_opt.pdf\" class=\"pdfemb-viewer\" style=\"\" data-width=\"max\" data-height=\"max\" data-toolbar=\"bottom\" data-toolbar-fixed=\"off\">Horka_opt<\/a>\n<p>Horka &#8211; map of the geological survey area<\/p>\n<p>&nbsp;<\/p>\n<ul>\n<li><strong>Hr\u00e1dek:<\/strong> 7 villages and 1 town with a total affected cadastral area of 35.08 km<sup>2<\/sup>.<\/li>\n<\/ul>\n<p>The site received a total of <strong>CZK 29.9 million <\/strong>for the period<strong> 2015 to 2023<\/strong>.<\/p>\n<p>The 7 villages and 1 town that make up the Hr\u00e1dek site in the current stage will receive contributions for the specified survey area in the amount of at least <strong>CZK 18.9 million<\/strong> per year for the entire period of validity of the geological survey area. The financial contributions to the various municipalities range from <strong>CZK 753,904 <\/strong>to <strong>CZK 3,504,353<\/strong>, depending on the size of the affected cadastral area.<\/p>\n<a href=\"https:\/\/surao.gov.cz\/wp-content\/uploads\/2023\/03\/Hradek_opt.pdf\" class=\"pdfemb-viewer\" style=\"\" data-width=\"max\" data-height=\"max\" data-toolbar=\"bottom\" data-toolbar-fixed=\"off\">Hradek_opt<\/a>\n<p>Hr\u00e1dek &#8211; map of the geological survey area<\/p>\n<p>&nbsp;<\/p>\n<ul>\n<li><strong>Janoch:<\/strong> 3 villages and 1 town with a total affected cadastral area of 22.74 km<sup>2<\/sup>.<\/li>\n<\/ul>\n<p>The site received a total of <strong>CZK 4 million <\/strong>for the period<strong> 2015 to 2023<\/strong>.<\/p>\n<p>The 3 villages and 1 town that make up the Janoch site in the current stage will receive contributions for the specified survey area in the amount of at least <strong>CZK 11.5 million<\/strong> per year for the entire period of validity of the geological survey area. The financial contributions to the various municipalities range from <strong>CZK 1,524,010<\/strong> to <strong>CZK 4,410,945<\/strong>, depending on the size of the affected cadastral area.<\/p>\n<p>Concerning the Janoch site, in contrast to the other 3 sites, no geological survey area for special intervention into the earth\u2019s crust was established in the past.<\/p>\n<a href=\"https:\/\/surao.gov.cz\/wp-content\/uploads\/2023\/03\/Janoch_opt.pdf\" class=\"pdfemb-viewer\" style=\"\" data-width=\"max\" data-height=\"max\" data-toolbar=\"bottom\" data-toolbar-fixed=\"off\">Janoch_opt<\/a>\n<p>Janoch &#8211; map of the geological survey area<\/p>\n<p>&nbsp;<\/p>\n<ul>\n<li><strong>Contributions to the previously considered sites:<\/strong> 5 sites (\u010certovka, \u010cihadlo, Krav\u00ed Hora, Magdal\u00e9na and Na Skaln\u00edm): a total of 25 villages and 3 towns.<\/li>\n<\/ul>\n<p>These sites received a total of just under <strong>CZK 102 million <\/strong>in financial contributions for the period<strong> 2015 to 2021<\/strong>.<\/p>\n<p>Earlier this year, the Radioactive Waste Repository Authority (S\u00daRAO) reported the submission of applications for the determination of geological survey areas for special intervention into the earth\u2019s crust at the four selected candidate sites on its <a href=\"https:\/\/surao.gov.cz\/surao-podala-zadost-o-stanoveni-pruzkumnych-uzemi\/\">web pages<\/a>.<\/p>\n<p>Following the selection of the final site, the next stage of the research aimed at determining a protected area for special intervention into the earth\u2019s crust and the initiation of the environmental impact assessment (EIA) process will begin. These stages of the deep geological repository project are provisionally expected during the period <strong>2028 to 2030<\/strong>. The estimated extent of the affected area will be approximately 5 to 7 km<sup>2<\/sup>. Each municipality whose cadastre is impacted by the protected area will be eligible to receive up to <strong>CZK 72 million<\/strong> in the form of a one-off financial contribution and an annual contribution <strong>until the repository becomes operational (currently planned for 2050)<\/strong>; this financial contribution will depend on the extent of the respective cadastral area affected.<\/p>\n<p><strong>Financial contributions according to the Atomic Act for the final site for the period 2023 to 2050<\/strong><\/p>\n<p>The finally selected site could, therefore, during the period of validity of the geological survey and protected areas receive financial contributions from the nuclear account in the total amount of <strong>hundreds of millions of CZK <\/strong>over the period<strong> 2023 to 2050<\/strong>. The amount of the contributions to the final site will ultimately be determined by the period of the validity of the geological survey and protected areas, the amounts of the individual financial contributions to these areas and the number of affected municipalities in the designated protected area and their extent.<\/p>\n","protected":false},"excerpt":{"rendered":"<p>Balance of the statutory financial contributions provided to local authorities affected by preparations of the deep geological repository and operational radioactive waste repositories, and future outlook Contributions for the determination of geological survey areas and protected areas for special intervention into the earth\u2019s crust comprise legally sanctioned payments to those municipalities affected by preparations for [&hellip;]<\/p>\n","protected":false},"author":32,"featured_media":0,"parent":0,"menu_order":0,"comment_status":"closed","ping_status":"closed","template":"page.php","meta":{"_acf_changed":false,"footnotes":""},"class_list":["post-8813","page","type-page","status-publish","hentry"],"acf":[],"_links":{"self":[{"href":"https:\/\/surao.gov.cz\/en\/wp-json\/wp\/v2\/pages\/8813","targetHints":{"allow":["GET"]}}],"collection":[{"href":"https:\/\/surao.gov.cz\/en\/wp-json\/wp\/v2\/pages"}],"about":[{"href":"https:\/\/surao.gov.cz\/en\/wp-json\/wp\/v2\/types\/page"}],"author":[{"embeddable":true,"href":"https:\/\/surao.gov.cz\/en\/wp-json\/wp\/v2\/users\/32"}],"replies":[{"embeddable":true,"href":"https:\/\/surao.gov.cz\/en\/wp-json\/wp\/v2\/comments?post=8813"}],"version-history":[{"count":0,"href":"https:\/\/surao.gov.cz\/en\/wp-json\/wp\/v2\/pages\/8813\/revisions"}],"wp:attachment":[{"href":"https:\/\/surao.gov.cz\/en\/wp-json\/wp\/v2\/media?parent=8813"}],"curies":[{"name":"wp","href":"https:\/\/api.w.org\/{rel}","templated":true}]}}